{"id":24813,"date":"2026-02-23T12:50:10","date_gmt":"2026-02-23T11:50:10","guid":{"rendered":"https:\/\/bodegasmunoz.com\/?post_type=product&#038;p=24813"},"modified":"2026-03-16T11:49:55","modified_gmt":"2026-03-16T10:49:55","slug":"legado-munoz-macabeo-verdejo-2025","status":"publish","type":"product","link":"https:\/\/bodegasmunoz.com\/en\/producto\/legado-munoz-macabeo-verdejo-2025\/","title":{"rendered":"Legado Mu\u00f1oz Macabeo &#038; Verdejo 2025"},"content":{"rendered":"<p><b>A\u00d1ADA<\/b><\/p>\n<p>La a\u00f1ada 2025 se caracteriza por una producci\u00f3n muy limitada junto a una excelente calidad de uva: una cosecha marcada por reducidos rendimientos, maduraci\u00f3n concentrada y sanidad impecable, que exige vendimia rigurosa y selecci\u00f3n. Los vinos resultantes muestran car\u00e1cter, profundidad y gran expresi\u00f3n varietal.<\/p>\n<p><b>NOTAS DE CATA<\/b><\/p>\n<ul>\n<li><strong>Visual<\/strong>:\u00a0Amarillo pajizo de capa baja con ribete acerado.<\/li>\n<li><strong>Nariz<\/strong>:\u00a0Aroma de intensidad alta dominado por notas de frutos c\u00edtricos y tropicales.<\/li>\n<li><strong>Boca<\/strong>: Frutal, Fresco y equilibrado, con buena acidez y amplio paso de boca.<\/li>\n<\/ul>\n<p><b>RECOMENDACIONES<\/b><\/p>\n<ul>\n<li><strong>Maridaje<\/strong>:\u00a0Pescados, pastas, arroces, verduras y quesos tiernos y semicurados.<\/li>\n<li><strong>T\u00aa\u00a0Servicio<\/strong>: 6-8 \u00baC.<\/li>\n<\/ul>\n<p><b>ESPECIFICACIONES T\u00c9CNICAS<\/b><\/p>\n<ul>\n<li><strong>Variedad<\/strong>:\u00a0Macabeo &amp; Verdejo<\/li>\n<li><strong>Edad del vi\u00f1edo<\/strong>: 11 &#8211; 20 a\u00f1os<\/li>\n<li><strong>Temperatura fermentaci\u00f3n<\/strong>:\u00a014\u00baC<\/li>\n<li><strong>Tiempo de maceraci\u00f3n<\/strong>:\u00a011 horas<\/li>\n<li><strong>Tiempo\u00a0en barrica<\/strong>:\u00a0Sin\u00a0barrica<\/li>\n<li><strong>Alcohol<\/strong>: Alc. 12,50% Vol.<\/li>\n<li><strong>Acidez<\/strong>: 5,89 g\/l.<\/li>\n<li><strong>SO2 total<\/strong>: 115 ppm.<\/li>\n<\/ul>\n","protected":false},"excerpt":{"rendered":"<p><em><strong>Coupage de varietales arom\u00e1ticas\u2026 un vino fresco para cualquier ocasi\u00f3n<\/strong><\/em><\/p>\n<p>Este vino que presenta un color amarillo pajizo p\u00e1lido, y un intenso aroma donde predominan los frutos c\u00edtricos y tropicales, es fresco a la vez que amplio en su paso de boca. Resulta ideal para acompa\u00f1ar pescados, pastas y arroces.<\/p>\n","protected":false},"featured_media":24817,"template":"","meta":[],"product_brand":[],"product_cat":[74],"product_tag":[],"class_list":{"0":"post-24813","1":"product","2":"type-product","3":"status-publish","4":"has-post-thumbnail","6":"product_cat-legado-munoz","8":"first","9":"instock","10":"taxable","11":"shipping-taxable","12":"purchasable","13":"product-type-simple"},"yoast_head":"<!-- This site is optimized with the Yoast SEO plugin v27.5 - https:\/\/yoast.com\/product\/yoast-seo-wordpress\/ -->\n<title>Legado Mu\u00f1oz Macabeo &amp; Verdejo 2025 - Bodegas Mu\u00f1oz<\/title>\n<meta name=\"robots\" content=\"index, follow, max-snippet:-1, max-image-preview:large, max-video-preview:-1\" \/>\n<link rel=\"canonical\" href=\"https:\/\/bodegasmunoz.com\/producto\/legado-munoz-macabeo-verdejo-2025\/\" \/>\n<meta property=\"og:locale\" content=\"en_US\" \/>\n<meta property=\"og:type\" content=\"article\" \/>\n<meta property=\"og:title\" content=\"Legado Mu\u00f1oz Macabeo &amp; Verdejo 2025 - Bodegas Mu\u00f1oz\" \/>\n<meta property=\"og:description\" content=\"Coupage de varietales arom\u00e1ticas\u2026 un vino fresco para cualquier ocasi\u00f3n  Este vino que presenta un color amarillo pajizo p\u00e1lido, y un intenso aroma donde predominan los frutos c\u00edtricos y tropicales, es fresco a la vez que amplio en su paso de boca. Resulta ideal para acompa\u00f1ar pescados, pastas y arroces.\" \/>\n<meta property=\"og:url\" content=\"https:\/\/bodegasmunoz.com\/producto\/legado-munoz-macabeo-verdejo-2025\/\" \/>\n<meta property=\"og:site_name\" content=\"Bodegas Mu\u00f1oz\" \/>\n<meta property=\"article:publisher\" content=\"https:\/\/www.facebook.com\/bodegasmunoz\" \/>\n<meta property=\"article:modified_time\" content=\"2026-03-16T10:49:55+00:00\" \/>\n<meta property=\"og:image\" content=\"http:\/\/bodegasmunoz.com\/wp-content\/uploads\/2026\/02\/Legado-Munoz-Macabeo-Verdejo-2025-1.png\" \/>\n\t<meta property=\"og:image:width\" content=\"1080\" \/>\n\t<meta property=\"og:image:height\" content=\"1080\" \/>\n\t<meta property=\"og:image:type\" content=\"image\/png\" \/>\n<meta name=\"twitter:card\" content=\"summary_large_image\" \/>\n<meta name=\"twitter:label1\" content=\"Est. reading time\" \/>\n\t<meta name=\"twitter:data1\" content=\"1 minute\" \/>\n<script type=\"application\/ld+json\" class=\"yoast-schema-graph\">{\"@context\":\"https:\\\/\\\/schema.org\",\"@graph\":[{\"@type\":\"WebPage\",\"@id\":\"https:\\\/\\\/bodegasmunoz.com\\\/producto\\\/legado-munoz-macabeo-verdejo-2025\\\/\",\"url\":\"https:\\\/\\\/bodegasmunoz.com\\\/producto\\\/legado-munoz-macabeo-verdejo-2025\\\/\",\"name\":\"Legado Mu\u00f1oz Macabeo & Verdejo 2025 - Bodegas Mu\u00f1oz\",\"isPartOf\":{\"@id\":\"https:\\\/\\\/bodegasmunoz.com\\\/#website\"},\"primaryImageOfPage\":{\"@id\":\"https:\\\/\\\/bodegasmunoz.com\\\/producto\\\/legado-munoz-macabeo-verdejo-2025\\\/#primaryimage\"},\"image\":{\"@id\":\"https:\\\/\\\/bodegasmunoz.com\\\/producto\\\/legado-munoz-macabeo-verdejo-2025\\\/#primaryimage\"},\"thumbnailUrl\":\"https:\\\/\\\/bodegasmunoz.com\\\/wp-content\\\/uploads\\\/2026\\\/02\\\/Legado-Munoz-Macabeo-Verdejo-2025-1.png\",\"datePublished\":\"2026-02-23T11:50:10+00:00\",\"dateModified\":\"2026-03-16T10:49:55+00:00\",\"breadcrumb\":{\"@id\":\"https:\\\/\\\/bodegasmunoz.com\\\/producto\\\/legado-munoz-macabeo-verdejo-2025\\\/#breadcrumb\"},\"inLanguage\":\"en-US\",\"potentialAction\":[{\"@type\":\"ReadAction\",\"target\":[\"https:\\\/\\\/bodegasmunoz.com\\\/producto\\\/legado-munoz-macabeo-verdejo-2025\\\/\"]}]},{\"@type\":\"ImageObject\",\"inLanguage\":\"en-US\",\"@id\":\"https:\\\/\\\/bodegasmunoz.com\\\/producto\\\/legado-munoz-macabeo-verdejo-2025\\\/#primaryimage\",\"url\":\"https:\\\/\\\/bodegasmunoz.com\\\/wp-content\\\/uploads\\\/2026\\\/02\\\/Legado-Munoz-Macabeo-Verdejo-2025-1.png\",\"contentUrl\":\"https:\\\/\\\/bodegasmunoz.com\\\/wp-content\\\/uploads\\\/2026\\\/02\\\/Legado-Munoz-Macabeo-Verdejo-2025-1.png\",\"width\":1080,\"height\":1080,\"caption\":\"Legado Mu\u00f1oz Macabeo Verdejo 2025\"},{\"@type\":\"BreadcrumbList\",\"@id\":\"https:\\\/\\\/bodegasmunoz.com\\\/producto\\\/legado-munoz-macabeo-verdejo-2025\\\/#breadcrumb\",\"itemListElement\":[{\"@type\":\"ListItem\",\"position\":1,\"name\":\"Portada\",\"item\":\"https:\\\/\\\/bodegasmunoz.com\\\/\"},{\"@type\":\"ListItem\",\"position\":2,\"name\":\"Tienda\",\"item\":\"https:\\\/\\\/bodegasmunoz.com\\\/\"},{\"@type\":\"ListItem\",\"position\":3,\"name\":\"Legado Mu\u00f1oz Macabeo &#038; Verdejo 2025\"}]},{\"@type\":\"WebSite\",\"@id\":\"https:\\\/\\\/bodegasmunoz.com\\\/#website\",\"url\":\"https:\\\/\\\/bodegasmunoz.com\\\/\",\"name\":\"Bodegas Mu\u00f1oz\",\"description\":\"Vinos Premium en la Provincia de Toledo\",\"publisher\":{\"@id\":\"https:\\\/\\\/bodegasmunoz.com\\\/#organization\"},\"potentialAction\":[{\"@type\":\"SearchAction\",\"target\":{\"@type\":\"EntryPoint\",\"urlTemplate\":\"https:\\\/\\\/bodegasmunoz.com\\\/?s={search_term_string}\"},\"query-input\":{\"@type\":\"PropertyValueSpecification\",\"valueRequired\":true,\"valueName\":\"search_term_string\"}}],\"inLanguage\":\"en-US\"},{\"@type\":\"Organization\",\"@id\":\"https:\\\/\\\/bodegasmunoz.com\\\/#organization\",\"name\":\"Vinedos y Bodegas Mu\u00f1oz SL\",\"url\":\"https:\\\/\\\/bodegasmunoz.com\\\/\",\"logo\":{\"@type\":\"ImageObject\",\"inLanguage\":\"en-US\",\"@id\":\"https:\\\/\\\/bodegasmunoz.com\\\/#\\\/schema\\\/logo\\\/image\\\/\",\"url\":\"https:\\\/\\\/bodegasmunoz.com\\\/wp-content\\\/uploads\\\/2026\\\/02\\\/cropped-Escudo_dorado_Bodegas_Munoz_sin_fondo.png\",\"contentUrl\":\"https:\\\/\\\/bodegasmunoz.com\\\/wp-content\\\/uploads\\\/2026\\\/02\\\/cropped-Escudo_dorado_Bodegas_Munoz_sin_fondo.png\",\"width\":512,\"height\":512,\"caption\":\"Vinedos y Bodegas Mu\u00f1oz SL\"},\"image\":{\"@id\":\"https:\\\/\\\/bodegasmunoz.com\\\/#\\\/schema\\\/logo\\\/image\\\/\"},\"sameAs\":[\"https:\\\/\\\/www.facebook.com\\\/bodegasmunoz\",\"https:\\\/\\\/www.instagram.com\\\/bodegas_munoz\\\/?hl=es\"]}]}<\/script>\n<!-- \/ Yoast SEO plugin. -->","yoast_head_json":{"title":"Legado Mu\u00f1oz Macabeo & Verdejo 2025 - Bodegas Mu\u00f1oz","robots":{"index":"index","follow":"follow","max-snippet":"max-snippet:-1","max-image-preview":"max-image-preview:large","max-video-preview":"max-video-preview:-1"},"canonical":"https:\/\/bodegasmunoz.com\/producto\/legado-munoz-macabeo-verdejo-2025\/","og_locale":"en_US","og_type":"article","og_title":"Legado Mu\u00f1oz Macabeo & Verdejo 2025 - Bodegas Mu\u00f1oz","og_description":"Coupage de varietales arom\u00e1ticas\u2026 un vino fresco para cualquier ocasi\u00f3n  Este vino que presenta un color amarillo pajizo p\u00e1lido, y un intenso aroma donde predominan los frutos c\u00edtricos y tropicales, es fresco a la vez que amplio en su paso de boca. Resulta ideal para acompa\u00f1ar pescados, pastas y arroces.","og_url":"https:\/\/bodegasmunoz.com\/producto\/legado-munoz-macabeo-verdejo-2025\/","og_site_name":"Bodegas Mu\u00f1oz","article_publisher":"https:\/\/www.facebook.com\/bodegasmunoz","article_modified_time":"2026-03-16T10:49:55+00:00","og_image":[{"width":1080,"height":1080,"url":"http:\/\/bodegasmunoz.com\/wp-content\/uploads\/2026\/02\/Legado-Munoz-Macabeo-Verdejo-2025-1.png","type":"image\/png"}],"twitter_card":"summary_large_image","twitter_misc":{"Est. reading time":"1 minute"},"schema":{"@context":"https:\/\/schema.org","@graph":[{"@type":"WebPage","@id":"https:\/\/bodegasmunoz.com\/producto\/legado-munoz-macabeo-verdejo-2025\/","url":"https:\/\/bodegasmunoz.com\/producto\/legado-munoz-macabeo-verdejo-2025\/","name":"Legado Mu\u00f1oz Macabeo & Verdejo 2025 - Bodegas Mu\u00f1oz","isPartOf":{"@id":"https:\/\/bodegasmunoz.com\/#website"},"primaryImageOfPage":{"@id":"https:\/\/bodegasmunoz.com\/producto\/legado-munoz-macabeo-verdejo-2025\/#primaryimage"},"image":{"@id":"https:\/\/bodegasmunoz.com\/producto\/legado-munoz-macabeo-verdejo-2025\/#primaryimage"},"thumbnailUrl":"https:\/\/bodegasmunoz.com\/wp-content\/uploads\/2026\/02\/Legado-Munoz-Macabeo-Verdejo-2025-1.png","datePublished":"2026-02-23T11:50:10+00:00","dateModified":"2026-03-16T10:49:55+00:00","breadcrumb":{"@id":"https:\/\/bodegasmunoz.com\/producto\/legado-munoz-macabeo-verdejo-2025\/#breadcrumb"},"inLanguage":"en-US","potentialAction":[{"@type":"ReadAction","target":["https:\/\/bodegasmunoz.com\/producto\/legado-munoz-macabeo-verdejo-2025\/"]}]},{"@type":"ImageObject","inLanguage":"en-US","@id":"https:\/\/bodegasmunoz.com\/producto\/legado-munoz-macabeo-verdejo-2025\/#primaryimage","url":"https:\/\/bodegasmunoz.com\/wp-content\/uploads\/2026\/02\/Legado-Munoz-Macabeo-Verdejo-2025-1.png","contentUrl":"https:\/\/bodegasmunoz.com\/wp-content\/uploads\/2026\/02\/Legado-Munoz-Macabeo-Verdejo-2025-1.png","width":1080,"height":1080,"caption":"Legado Mu\u00f1oz Macabeo Verdejo 2025"},{"@type":"BreadcrumbList","@id":"https:\/\/bodegasmunoz.com\/producto\/legado-munoz-macabeo-verdejo-2025\/#breadcrumb","itemListElement":[{"@type":"ListItem","position":1,"name":"Portada","item":"https:\/\/bodegasmunoz.com\/"},{"@type":"ListItem","position":2,"name":"Tienda","item":"https:\/\/bodegasmunoz.com\/"},{"@type":"ListItem","position":3,"name":"Legado Mu\u00f1oz Macabeo &#038; Verdejo 2025"}]},{"@type":"WebSite","@id":"https:\/\/bodegasmunoz.com\/#website","url":"https:\/\/bodegasmunoz.com\/","name":"Bodegas Mu\u00f1oz","description":"Vinos Premium en la Provincia de Toledo","publisher":{"@id":"https:\/\/bodegasmunoz.com\/#organization"},"potentialAction":[{"@type":"SearchAction","target":{"@type":"EntryPoint","urlTemplate":"https:\/\/bodegasmunoz.com\/?s={search_term_string}"},"query-input":{"@type":"PropertyValueSpecification","valueRequired":true,"valueName":"search_term_string"}}],"inLanguage":"en-US"},{"@type":"Organization","@id":"https:\/\/bodegasmunoz.com\/#organization","name":"Vinedos y Bodegas Mu\u00f1oz SL","url":"https:\/\/bodegasmunoz.com\/","logo":{"@type":"ImageObject","inLanguage":"en-US","@id":"https:\/\/bodegasmunoz.com\/#\/schema\/logo\/image\/","url":"https:\/\/bodegasmunoz.com\/wp-content\/uploads\/2026\/02\/cropped-Escudo_dorado_Bodegas_Munoz_sin_fondo.png","contentUrl":"https:\/\/bodegasmunoz.com\/wp-content\/uploads\/2026\/02\/cropped-Escudo_dorado_Bodegas_Munoz_sin_fondo.png","width":512,"height":512,"caption":"Vinedos y Bodegas Mu\u00f1oz SL"},"image":{"@id":"https:\/\/bodegasmunoz.com\/#\/schema\/logo\/image\/"},"sameAs":["https:\/\/www.facebook.com\/bodegasmunoz","https:\/\/www.instagram.com\/bodegas_munoz\/?hl=es"]}]}},"_links":{"self":[{"href":"https:\/\/bodegasmunoz.com\/en\/wp-json\/wp\/v2\/product\/24813","targetHints":{"allow":["GET"]}}],"collection":[{"href":"https:\/\/bodegasmunoz.com\/en\/wp-json\/wp\/v2\/product"}],"about":[{"href":"https:\/\/bodegasmunoz.com\/en\/wp-json\/wp\/v2\/types\/product"}],"version-history":[{"count":1,"href":"https:\/\/bodegasmunoz.com\/en\/wp-json\/wp\/v2\/product\/24813\/revisions"}],"predecessor-version":[{"id":24819,"href":"https:\/\/bodegasmunoz.com\/en\/wp-json\/wp\/v2\/product\/24813\/revisions\/24819"}],"wp:featuredmedia":[{"embeddable":true,"href":"https:\/\/bodegasmunoz.com\/en\/wp-json\/wp\/v2\/media\/24817"}],"wp:attachment":[{"href":"https:\/\/bodegasmunoz.com\/en\/wp-json\/wp\/v2\/media?parent=24813"}],"wp:term":[{"taxonomy":"product_brand","embeddable":true,"href":"https:\/\/bodegasmunoz.com\/en\/wp-json\/wp\/v2\/product_brand?post=24813"},{"taxonomy":"product_cat","embeddable":true,"href":"https:\/\/bodegasmunoz.com\/en\/wp-json\/wp\/v2\/product_cat?post=24813"},{"taxonomy":"product_tag","embeddable":true,"href":"https:\/\/bodegasmunoz.com\/en\/wp-json\/wp\/v2\/product_tag?post=24813"}],"curies":[{"name":"wp","href":"https:\/\/api.w.org\/{rel}","templated":true}]}}