{"id":24750,"date":"2026-02-21T11:34:20","date_gmt":"2026-02-21T10:34:20","guid":{"rendered":"https:\/\/bodegasmunoz.com\/?post_type=product&#038;p=24750"},"modified":"2026-02-24T11:57:34","modified_gmt":"2026-02-24T10:57:34","slug":"legado-munoz-cencibel-9-meses-barrica-organic-2023","status":"publish","type":"product","link":"https:\/\/bodegasmunoz.com\/en\/producto\/legado-munoz-cencibel-9-meses-barrica-organic-2023\/","title":{"rendered":"Legado Mu\u00f1oz Cencibel 9 meses barrica Organic 2023"},"content":{"rendered":"<p><b>A\u00d1ADA<\/b><\/p>\n<p>La a\u00f1ada 2023 estuvo caracterizada por un invierno suave, primavera h\u00fameda y verano extremadamente caluroso, lo que redujo la producci\u00f3n pero concentr\u00f3 la calidad. Los blancos destacan por su frescura, acidez equilibrada y aromas limpios; los tintos, por su fruta madura, taninos pulidos y buena estructura. Es una a\u00f1ada de calidad media-alta con potencial de guarda.<\/p>\n<p><b>NOTAS DE CATA<\/b><\/p>\n<ul>\n<li><strong>Visual<\/strong>: Rojo cereza de con ribete viol\u00e1ceo.<\/li>\n<li><strong>Nariz<\/strong>: Aroma intenso de fruta roja y regaliz con fondo de caramelo y torrefactos.<\/li>\n<li><strong>Boca<\/strong>: Redondo, equilibrado y persistente.<\/li>\n<\/ul>\n<p><b>RECOMENDACIONES<\/b><\/p>\n<ul>\n<li><strong>Maridaje<\/strong>: Caza, estofados, carnes a la brasa, legumbres y quesos curados o azules.<\/li>\n<li><strong>T\u00aa\u00a0Servicio<\/strong>: 16-18 \u00baC.<\/li>\n<\/ul>\n<p><b>ESPECIFICACIONES T\u00c9CNICAS<\/b><\/p>\n<ul>\n<li><strong>Variedad<\/strong>: Cencibel<\/li>\n<li><strong>Edad del vi\u00f1edo<\/strong>: 15 &#8211; 30 a\u00f1os<\/li>\n<li><strong>Temperatura fermentaci\u00f3n<\/strong>: &lt; 28\u00a0 \u00baC<\/li>\n<li><strong>Tiempo de maceraci\u00f3n<\/strong>: 12 d\u00edas<\/li>\n<li><strong>Tiempo\u00a0en barrica<\/strong>: 9 meses<\/li>\n<li><strong>Alcohol<\/strong>: Alc. 14,00% Vol.<\/li>\n<li><strong>Acidez<\/strong>: 5,0 g\/l.<\/li>\n<li><strong>SO2 total<\/strong>: 50 ppm<\/li>\n<\/ul>\n","protected":false},"excerpt":{"rendered":"<p><em><strong>Procedente de vi\u00f1edos ecol\u00f3gicos&#8230; combinaci\u00f3n de fruta y roble.\u00a0 <\/strong><\/em><i style=\"color: #222222; font-family: Arial, Helvetica, sans-serif; font-size: small; background-color: #ffffff;\">\u00a0<\/i><\/p>\n<p>Elaborado con vi\u00f1edos de Cencibel cultivados de forma ecol\u00f3gica, este vino expresa la combinaci\u00f3n perfecta entre los caracteres propios de la variedad, la calidez del clima con la sutileza del aporte del roble. Muy apropiado como acompa\u00f1amiento de estofados y caza.<\/p>\n","protected":false},"featured_media":24751,"template":"","meta":[],"product_brand":[],"product_cat":[74],"product_tag":[],"class_list":{"0":"post-24750","1":"product","2":"type-product","3":"status-publish","4":"has-post-thumbnail","6":"product_cat-legado-munoz","8":"first","9":"instock","10":"taxable","11":"shipping-taxable","12":"purchasable","13":"product-type-simple"},"yoast_head":"<!-- This site is optimized with the Yoast SEO plugin v27.5 - https:\/\/yoast.com\/product\/yoast-seo-wordpress\/ -->\n<title>Legado Mu\u00f1oz Cencibel 9 meses barrica Organic 2023 - Bodegas Mu\u00f1oz<\/title>\n<meta name=\"robots\" content=\"index, follow, max-snippet:-1, max-image-preview:large, max-video-preview:-1\" \/>\n<link rel=\"canonical\" href=\"https:\/\/bodegasmunoz.com\/producto\/legado-munoz-cencibel-9-meses-barrica-organic-2023\/\" \/>\n<meta property=\"og:locale\" content=\"en_US\" \/>\n<meta property=\"og:type\" content=\"article\" \/>\n<meta property=\"og:title\" content=\"Legado Mu\u00f1oz Cencibel 9 meses barrica Organic 2023 - Bodegas Mu\u00f1oz\" \/>\n<meta property=\"og:description\" content=\"Procedente de vi\u00f1edos ecol\u00f3gicos... combinaci\u00f3n de fruta y roble.\u00a0 \u00a0  Elaborado con vi\u00f1edos de Cencibel cultivados de forma ecol\u00f3gica, este vino expresa la combinaci\u00f3n perfecta entre los caracteres propios de la variedad, la calidez del clima con la sutileza del aporte del roble. Muy apropiado como acompa\u00f1amiento de estofados y caza.\" \/>\n<meta property=\"og:url\" content=\"https:\/\/bodegasmunoz.com\/producto\/legado-munoz-cencibel-9-meses-barrica-organic-2023\/\" \/>\n<meta property=\"og:site_name\" content=\"Bodegas Mu\u00f1oz\" \/>\n<meta property=\"article:publisher\" content=\"https:\/\/www.facebook.com\/bodegasmunoz\" \/>\n<meta property=\"article:modified_time\" content=\"2026-02-24T10:57:34+00:00\" \/>\n<meta property=\"og:image\" content=\"http:\/\/bodegasmunoz.com\/wp-content\/uploads\/2026\/02\/Legado-Cencibel-2023.png\" \/>\n\t<meta property=\"og:image:width\" content=\"1024\" \/>\n\t<meta property=\"og:image:height\" content=\"1024\" \/>\n\t<meta property=\"og:image:type\" content=\"image\/png\" \/>\n<meta name=\"twitter:card\" content=\"summary_large_image\" \/>\n<meta name=\"twitter:label1\" content=\"Est. reading time\" \/>\n\t<meta name=\"twitter:data1\" content=\"1 minute\" \/>\n<script type=\"application\/ld+json\" class=\"yoast-schema-graph\">{\"@context\":\"https:\\\/\\\/schema.org\",\"@graph\":[{\"@type\":\"WebPage\",\"@id\":\"https:\\\/\\\/bodegasmunoz.com\\\/producto\\\/legado-munoz-cencibel-9-meses-barrica-organic-2023\\\/\",\"url\":\"https:\\\/\\\/bodegasmunoz.com\\\/producto\\\/legado-munoz-cencibel-9-meses-barrica-organic-2023\\\/\",\"name\":\"Legado Mu\u00f1oz Cencibel 9 meses barrica Organic 2023 - Bodegas Mu\u00f1oz\",\"isPartOf\":{\"@id\":\"https:\\\/\\\/bodegasmunoz.com\\\/#website\"},\"primaryImageOfPage\":{\"@id\":\"https:\\\/\\\/bodegasmunoz.com\\\/producto\\\/legado-munoz-cencibel-9-meses-barrica-organic-2023\\\/#primaryimage\"},\"image\":{\"@id\":\"https:\\\/\\\/bodegasmunoz.com\\\/producto\\\/legado-munoz-cencibel-9-meses-barrica-organic-2023\\\/#primaryimage\"},\"thumbnailUrl\":\"https:\\\/\\\/bodegasmunoz.com\\\/wp-content\\\/uploads\\\/2026\\\/02\\\/Legado-Cencibel-2023.png\",\"datePublished\":\"2026-02-21T10:34:20+00:00\",\"dateModified\":\"2026-02-24T10:57:34+00:00\",\"breadcrumb\":{\"@id\":\"https:\\\/\\\/bodegasmunoz.com\\\/producto\\\/legado-munoz-cencibel-9-meses-barrica-organic-2023\\\/#breadcrumb\"},\"inLanguage\":\"en-US\",\"potentialAction\":[{\"@type\":\"ReadAction\",\"target\":[\"https:\\\/\\\/bodegasmunoz.com\\\/producto\\\/legado-munoz-cencibel-9-meses-barrica-organic-2023\\\/\"]}]},{\"@type\":\"ImageObject\",\"inLanguage\":\"en-US\",\"@id\":\"https:\\\/\\\/bodegasmunoz.com\\\/producto\\\/legado-munoz-cencibel-9-meses-barrica-organic-2023\\\/#primaryimage\",\"url\":\"https:\\\/\\\/bodegasmunoz.com\\\/wp-content\\\/uploads\\\/2026\\\/02\\\/Legado-Cencibel-2023.png\",\"contentUrl\":\"https:\\\/\\\/bodegasmunoz.com\\\/wp-content\\\/uploads\\\/2026\\\/02\\\/Legado-Cencibel-2023.png\",\"width\":1024,\"height\":1024,\"caption\":\"Legado Mu\u00f1oz Cencibel 2023\"},{\"@type\":\"BreadcrumbList\",\"@id\":\"https:\\\/\\\/bodegasmunoz.com\\\/producto\\\/legado-munoz-cencibel-9-meses-barrica-organic-2023\\\/#breadcrumb\",\"itemListElement\":[{\"@type\":\"ListItem\",\"position\":1,\"name\":\"Portada\",\"item\":\"https:\\\/\\\/bodegasmunoz.com\\\/\"},{\"@type\":\"ListItem\",\"position\":2,\"name\":\"Tienda\",\"item\":\"https:\\\/\\\/bodegasmunoz.com\\\/\"},{\"@type\":\"ListItem\",\"position\":3,\"name\":\"Legado Mu\u00f1oz Cencibel 9 meses barrica Organic 2023\"}]},{\"@type\":\"WebSite\",\"@id\":\"https:\\\/\\\/bodegasmunoz.com\\\/#website\",\"url\":\"https:\\\/\\\/bodegasmunoz.com\\\/\",\"name\":\"Bodegas Mu\u00f1oz\",\"description\":\"Vinos Premium en la Provincia de Toledo\",\"publisher\":{\"@id\":\"https:\\\/\\\/bodegasmunoz.com\\\/#organization\"},\"potentialAction\":[{\"@type\":\"SearchAction\",\"target\":{\"@type\":\"EntryPoint\",\"urlTemplate\":\"https:\\\/\\\/bodegasmunoz.com\\\/?s={search_term_string}\"},\"query-input\":{\"@type\":\"PropertyValueSpecification\",\"valueRequired\":true,\"valueName\":\"search_term_string\"}}],\"inLanguage\":\"en-US\"},{\"@type\":\"Organization\",\"@id\":\"https:\\\/\\\/bodegasmunoz.com\\\/#organization\",\"name\":\"Vinedos y Bodegas Mu\u00f1oz SL\",\"url\":\"https:\\\/\\\/bodegasmunoz.com\\\/\",\"logo\":{\"@type\":\"ImageObject\",\"inLanguage\":\"en-US\",\"@id\":\"https:\\\/\\\/bodegasmunoz.com\\\/#\\\/schema\\\/logo\\\/image\\\/\",\"url\":\"https:\\\/\\\/bodegasmunoz.com\\\/wp-content\\\/uploads\\\/2026\\\/02\\\/cropped-Escudo_dorado_Bodegas_Munoz_sin_fondo.png\",\"contentUrl\":\"https:\\\/\\\/bodegasmunoz.com\\\/wp-content\\\/uploads\\\/2026\\\/02\\\/cropped-Escudo_dorado_Bodegas_Munoz_sin_fondo.png\",\"width\":512,\"height\":512,\"caption\":\"Vinedos y Bodegas Mu\u00f1oz SL\"},\"image\":{\"@id\":\"https:\\\/\\\/bodegasmunoz.com\\\/#\\\/schema\\\/logo\\\/image\\\/\"},\"sameAs\":[\"https:\\\/\\\/www.facebook.com\\\/bodegasmunoz\",\"https:\\\/\\\/www.instagram.com\\\/bodegas_munoz\\\/?hl=es\"]}]}<\/script>\n<!-- \/ Yoast SEO plugin. -->","yoast_head_json":{"title":"Legado Mu\u00f1oz Cencibel 9 meses barrica Organic 2023 - Bodegas Mu\u00f1oz","robots":{"index":"index","follow":"follow","max-snippet":"max-snippet:-1","max-image-preview":"max-image-preview:large","max-video-preview":"max-video-preview:-1"},"canonical":"https:\/\/bodegasmunoz.com\/producto\/legado-munoz-cencibel-9-meses-barrica-organic-2023\/","og_locale":"en_US","og_type":"article","og_title":"Legado Mu\u00f1oz Cencibel 9 meses barrica Organic 2023 - Bodegas Mu\u00f1oz","og_description":"Procedente de vi\u00f1edos ecol\u00f3gicos... combinaci\u00f3n de fruta y roble.\u00a0 \u00a0  Elaborado con vi\u00f1edos de Cencibel cultivados de forma ecol\u00f3gica, este vino expresa la combinaci\u00f3n perfecta entre los caracteres propios de la variedad, la calidez del clima con la sutileza del aporte del roble. Muy apropiado como acompa\u00f1amiento de estofados y caza.","og_url":"https:\/\/bodegasmunoz.com\/producto\/legado-munoz-cencibel-9-meses-barrica-organic-2023\/","og_site_name":"Bodegas Mu\u00f1oz","article_publisher":"https:\/\/www.facebook.com\/bodegasmunoz","article_modified_time":"2026-02-24T10:57:34+00:00","og_image":[{"width":1024,"height":1024,"url":"http:\/\/bodegasmunoz.com\/wp-content\/uploads\/2026\/02\/Legado-Cencibel-2023.png","type":"image\/png"}],"twitter_card":"summary_large_image","twitter_misc":{"Est. reading time":"1 minute"},"schema":{"@context":"https:\/\/schema.org","@graph":[{"@type":"WebPage","@id":"https:\/\/bodegasmunoz.com\/producto\/legado-munoz-cencibel-9-meses-barrica-organic-2023\/","url":"https:\/\/bodegasmunoz.com\/producto\/legado-munoz-cencibel-9-meses-barrica-organic-2023\/","name":"Legado Mu\u00f1oz Cencibel 9 meses barrica Organic 2023 - Bodegas Mu\u00f1oz","isPartOf":{"@id":"https:\/\/bodegasmunoz.com\/#website"},"primaryImageOfPage":{"@id":"https:\/\/bodegasmunoz.com\/producto\/legado-munoz-cencibel-9-meses-barrica-organic-2023\/#primaryimage"},"image":{"@id":"https:\/\/bodegasmunoz.com\/producto\/legado-munoz-cencibel-9-meses-barrica-organic-2023\/#primaryimage"},"thumbnailUrl":"https:\/\/bodegasmunoz.com\/wp-content\/uploads\/2026\/02\/Legado-Cencibel-2023.png","datePublished":"2026-02-21T10:34:20+00:00","dateModified":"2026-02-24T10:57:34+00:00","breadcrumb":{"@id":"https:\/\/bodegasmunoz.com\/producto\/legado-munoz-cencibel-9-meses-barrica-organic-2023\/#breadcrumb"},"inLanguage":"en-US","potentialAction":[{"@type":"ReadAction","target":["https:\/\/bodegasmunoz.com\/producto\/legado-munoz-cencibel-9-meses-barrica-organic-2023\/"]}]},{"@type":"ImageObject","inLanguage":"en-US","@id":"https:\/\/bodegasmunoz.com\/producto\/legado-munoz-cencibel-9-meses-barrica-organic-2023\/#primaryimage","url":"https:\/\/bodegasmunoz.com\/wp-content\/uploads\/2026\/02\/Legado-Cencibel-2023.png","contentUrl":"https:\/\/bodegasmunoz.com\/wp-content\/uploads\/2026\/02\/Legado-Cencibel-2023.png","width":1024,"height":1024,"caption":"Legado Mu\u00f1oz Cencibel 2023"},{"@type":"BreadcrumbList","@id":"https:\/\/bodegasmunoz.com\/producto\/legado-munoz-cencibel-9-meses-barrica-organic-2023\/#breadcrumb","itemListElement":[{"@type":"ListItem","position":1,"name":"Portada","item":"https:\/\/bodegasmunoz.com\/"},{"@type":"ListItem","position":2,"name":"Tienda","item":"https:\/\/bodegasmunoz.com\/"},{"@type":"ListItem","position":3,"name":"Legado Mu\u00f1oz Cencibel 9 meses barrica Organic 2023"}]},{"@type":"WebSite","@id":"https:\/\/bodegasmunoz.com\/#website","url":"https:\/\/bodegasmunoz.com\/","name":"Bodegas Mu\u00f1oz","description":"Vinos Premium en la Provincia de Toledo","publisher":{"@id":"https:\/\/bodegasmunoz.com\/#organization"},"potentialAction":[{"@type":"SearchAction","target":{"@type":"EntryPoint","urlTemplate":"https:\/\/bodegasmunoz.com\/?s={search_term_string}"},"query-input":{"@type":"PropertyValueSpecification","valueRequired":true,"valueName":"search_term_string"}}],"inLanguage":"en-US"},{"@type":"Organization","@id":"https:\/\/bodegasmunoz.com\/#organization","name":"Vinedos y Bodegas Mu\u00f1oz SL","url":"https:\/\/bodegasmunoz.com\/","logo":{"@type":"ImageObject","inLanguage":"en-US","@id":"https:\/\/bodegasmunoz.com\/#\/schema\/logo\/image\/","url":"https:\/\/bodegasmunoz.com\/wp-content\/uploads\/2026\/02\/cropped-Escudo_dorado_Bodegas_Munoz_sin_fondo.png","contentUrl":"https:\/\/bodegasmunoz.com\/wp-content\/uploads\/2026\/02\/cropped-Escudo_dorado_Bodegas_Munoz_sin_fondo.png","width":512,"height":512,"caption":"Vinedos y Bodegas Mu\u00f1oz SL"},"image":{"@id":"https:\/\/bodegasmunoz.com\/#\/schema\/logo\/image\/"},"sameAs":["https:\/\/www.facebook.com\/bodegasmunoz","https:\/\/www.instagram.com\/bodegas_munoz\/?hl=es"]}]}},"_links":{"self":[{"href":"https:\/\/bodegasmunoz.com\/en\/wp-json\/wp\/v2\/product\/24750","targetHints":{"allow":["GET"]}}],"collection":[{"href":"https:\/\/bodegasmunoz.com\/en\/wp-json\/wp\/v2\/product"}],"about":[{"href":"https:\/\/bodegasmunoz.com\/en\/wp-json\/wp\/v2\/types\/product"}],"version-history":[{"count":1,"href":"https:\/\/bodegasmunoz.com\/en\/wp-json\/wp\/v2\/product\/24750\/revisions"}],"predecessor-version":[{"id":24753,"href":"https:\/\/bodegasmunoz.com\/en\/wp-json\/wp\/v2\/product\/24750\/revisions\/24753"}],"wp:featuredmedia":[{"embeddable":true,"href":"https:\/\/bodegasmunoz.com\/en\/wp-json\/wp\/v2\/media\/24751"}],"wp:attachment":[{"href":"https:\/\/bodegasmunoz.com\/en\/wp-json\/wp\/v2\/media?parent=24750"}],"wp:term":[{"taxonomy":"product_brand","embeddable":true,"href":"https:\/\/bodegasmunoz.com\/en\/wp-json\/wp\/v2\/product_brand?post=24750"},{"taxonomy":"product_cat","embeddable":true,"href":"https:\/\/bodegasmunoz.com\/en\/wp-json\/wp\/v2\/product_cat?post=24750"},{"taxonomy":"product_tag","embeddable":true,"href":"https:\/\/bodegasmunoz.com\/en\/wp-json\/wp\/v2\/product_tag?post=24750"}],"curies":[{"name":"wp","href":"https:\/\/api.w.org\/{rel}","templated":true}]}}